{"id":131,"date":"2016-09-25T17:18:49","date_gmt":"2016-09-25T14:18:49","guid":{"rendered":"http:\/\/ecbiz213.inmotionhosting.com\/~shille6\/fr\/properties\/"},"modified":"2016-10-30T20:02:02","modified_gmt":"2016-10-30T17:02:02","slug":"leasing","status":"publish","type":"page","link":"https:\/\/www.shillerlavy.com\/fr\/leasing\/","title":{"rendered":"Location"},"content":{"rendered":"Chaque projet cr\u00e9e une opportunit\u00e9 pour une exp\u00e9rience immobili\u00e8re unique.","protected":false},"excerpt":{"rendered":"<p>Chaque projet cr\u00e9e une opportunit\u00e9 pour une exp\u00e9rience immobili\u00e8re unique.<\/p>\n","protected":false},"author":7,"featured_media":125,"parent":0,"menu_order":0,"comment_status":"closed","ping_status":"closed","template":"all-properties-tabs.php","meta":{"footnotes":""},"class_list":["post-131","page","type-page","status-publish","has-post-thumbnail","hentry"],"_links":{"self":[{"href":"https:\/\/www.shillerlavy.com\/fr\/wp-json\/wp\/v2\/pages\/131","targetHints":{"allow":["GET"]}}],"collection":[{"href":"https:\/\/www.shillerlavy.com\/fr\/wp-json\/wp\/v2\/pages"}],"about":[{"href":"https:\/\/www.shillerlavy.com\/fr\/wp-json\/wp\/v2\/types\/page"}],"author":[{"embeddable":true,"href":"https:\/\/www.shillerlavy.com\/fr\/wp-json\/wp\/v2\/users\/7"}],"replies":[{"embeddable":true,"href":"https:\/\/www.shillerlavy.com\/fr\/wp-json\/wp\/v2\/comments?post=131"}],"version-history":[{"count":4,"href":"https:\/\/www.shillerlavy.com\/fr\/wp-json\/wp\/v2\/pages\/131\/revisions"}],"predecessor-version":[{"id":500,"href":"https:\/\/www.shillerlavy.com\/fr\/wp-json\/wp\/v2\/pages\/131\/revisions\/500"}],"wp:featuredmedia":[{"embeddable":true,"href":"https:\/\/www.shillerlavy.com\/fr\/wp-json\/wp\/v2\/media\/125"}],"wp:attachment":[{"href":"https:\/\/www.shillerlavy.com\/fr\/wp-json\/wp\/v2\/media?parent=131"}],"curies":[{"name":"wp","href":"https:\/\/api.w.org\/{rel}","templated":true}]}}